{"id":3008,"date":"2020-04-16T12:58:14","date_gmt":"2020-04-16T10:58:14","guid":{"rendered":"https:\/\/elsur-racing.de\/nous-sur-nous-memes\/"},"modified":"2025-10-29T00:04:50","modified_gmt":"2025-10-28T23:04:50","slug":"nous-sur-nous-memes","status":"publish","type":"page","link":"https:\/\/elsur-racing.de\/fr\/nous-sur-nous-memes\/","title":{"rendered":"Nous sur nous-m\u00eames"},"content":{"rendered":"<p>[et_pb_section fb_built=\u00a0\u00bb1&Prime; custom_padding_last_edited=\u00a0\u00bbon|desktop\u00a0\u00bb admin_label=\u00a0\u00bbSektion\u00a0\u00bb _builder_version=\u00a0\u00bb4.16&Prime; background_color=\u00a0\u00bbrgba(255,255,255,0)\u00a0\u00bb custom_padding_tablet=\u00a0\u00bb50px|0|50px|0&Prime; custom_padding_phone=\u00a0\u00bb\u00a0\u00bb transparent_background=\u00a0\u00bbon\u00a0\u00bb padding_mobile=\u00a0\u00bboff\u00a0\u00bb make_fullwidth=\u00a0\u00bboff\u00a0\u00bb use_custom_width=\u00a0\u00bboff\u00a0\u00bb width_unit=\u00a0\u00bbon\u00a0\u00bb global_colors_info=\u00a0\u00bb{}\u00a0\u00bb][et_pb_row column_structure=\u00a0\u00bb1_2,1_2&Prime; _builder_version=\u00a0\u00bb4.27.4&Prime; _module_preset=\u00a0\u00bbdefault\u00a0\u00bb global_colors_info=\u00a0\u00bb{}\u00a0\u00bb][et_pb_column type=\u00a0\u00bb1_2&Prime; _builder_version=\u00a0\u00bb4.27.4&Prime; _module_preset=\u00a0\u00bbdefault\u00a0\u00bb global_colors_info=\u00a0\u00bb{}\u00a0\u00bb][et_pb_image src=\u00a0\u00bbhttps:\/\/elsur-racing.de\/wp-content\/uploads\/2019\/12\/El-Sur-Jochen-Stargardt-Gestuetsleiter.jpg\u00a0\u00bb alt=\u00a0\u00bbEl-Sur-Jochen-Stargardt-Gestuetsinhaber\u00a0\u00bb title_text=\u00a0\u00bbEl-Sur-Jochen-Stargardt-Gestuetsinhaber\u00a0\u00bb _builder_version=\u00a0\u00bb4.27.4&Prime; _module_preset=\u00a0\u00bbdefault\u00a0\u00bb global_colors_info=\u00a0\u00bb{}\u00a0\u00bb][\/et_pb_image][et_pb_text _builder_version=\u00a0\u00bb4.27.0&Prime; _module_preset=\u00a0\u00bbdefault\u00a0\u00bb global_colors_info=\u00a0\u00bb{}\u00a0\u00bb]<\/p>\n<p><span style=\"font-family: tahoma, arial, helvetica, sans-serif; font-size: 24pt;\">Jochen Stargardt<\/span><br \/><span style=\"font-family: tahoma, arial, helvetica, sans-serif; font-size: 14pt;\">Gest\u00fctsinhaber<\/span><\/p>\n<p><span style=\"font-family: tahoma, arial, helvetica, sans-serif; font-size: 12pt;\">Jochen Stargardt ist Wirtschaftswissenschaftler, Unternehmensberater und Gesellschafter mehrerer erfolgreicher Berufsbildungs-Akademien in Deutschland. Seit vielen Jahren begleitet er Menschen auf ihrem Weg zu mehr Wissen, Selbst\u00e4ndigkeit und Erfolg. Als Autor und gefragter Referent ist er regelm\u00e4\u00dfig auf Fachveranstaltungen pr\u00e4sent und \u00fcberzeugt dort durch Klarheit, Fachkenntnis und praxisorientierte Ans\u00e4tze.<\/span><\/p>\n<p><span style=\"font-size: 12pt; font-family: tahoma, arial, helvetica, sans-serif;\">Seine Leidenschaft gilt seit fr\u00fchester Kindheit den Pferden. Die ersten Reitstunden finanzierte er sich durch Zeitungsaustragen. Nach einer klassischen Reitausbildung entdeckte er den Polosport, bevor er 2019 den Pferderennsport f\u00fcr sich fand \u2013 ein Bereich, der seither zu einem festen Bestandteil seines Lebens geworden ist.<\/span><\/p>\n<p><span style=\"font-size: 12pt; font-family: tahoma, arial, helvetica, sans-serif;\">Heute verbringt Stargardt seine Zeit auf dem Gest\u00fct, auf der Rennbahn oder auf dem Polofeld. Er lebt damit seinen pers\u00f6nlichen Traum und verbindet sportliche Leidenschaft mit unternehmerischem Denken. Diese Kombination aus wirtschaftlichem Know-how, strategischer Weitsicht und authentischem Engagement pr\u00e4gt nicht nur seinen beruflichen Weg, sondern auch sein Wirken auf dem Gest\u00fct El Sur Racing.<\/span><\/p>\n<p>&nbsp;<\/p>\n<p style=\"text-align: left;\">[\/et_pb_text][\/et_pb_column][et_pb_column type=\u00a0\u00bb1_2&Prime; _builder_version=\u00a0\u00bb4.27.4&Prime; _module_preset=\u00a0\u00bbdefault\u00a0\u00bb global_colors_info=\u00a0\u00bb{}\u00a0\u00bb][et_pb_image src=\u00a0\u00bbhttps:\/\/elsur-racing.de\/wp-content\/uploads\/2019\/12\/El-Sur-Robert-Tim-Gestuetsleiter.jpg\u00a0\u00bb alt=\u00a0\u00bbEl-Sur-Jochen-Stargardt-Gestuetsinhaber\u00a0\u00bb title_text=\u00a0\u00bbEEl-Sur-Jochen-Stargardt-Gestuetsinhaber\u00a0\u00bb _builder_version=\u00a0\u00bb4.27.4&Prime; _module_preset=\u00a0\u00bbdefault\u00a0\u00bb global_colors_info=\u00a0\u00bb{}\u00a0\u00bb][\/et_pb_image][et_pb_text _builder_version=\u00a0\u00bb4.27.4&Prime; _module_preset=\u00a0\u00bbdefault\u00a0\u00bb global_colors_info=\u00a0\u00bb{}\u00a0\u00bb]<\/p>\n<p><span style=\"font-family: tahoma, arial, helvetica, sans-serif; font-size: 24pt;\">Robert Tim<\/span><br \/><span style=\"font-family: tahoma, arial, helvetica, sans-serif; font-size: 14pt;\">Gest\u00fctsleiter<\/span><\/p>\n<p><span style=\"font-size: 12pt; font-family: tahoma, arial, helvetica, sans-serif;\">Robert Tim bringt jahrzehntelange Erfahrung und internationales Know-how in die t\u00e4gliche Arbeit bei El Sur Racing ein. Aufgewachsen in Ungarn, absolvierte er seine Ausbildung im Nationalgest\u00fct, wo er fr\u00fch Verantwortung f\u00fcr Aufzucht und Betreuung junger Pferde \u00fcbernahm. <\/span><\/p>\n<p><span style=\"font-size: 12pt; font-family: tahoma, arial, helvetica, sans-serif;\">Nach dieser fundierten Basis f\u00fchrte ihn sein Weg zun\u00e4chst in die Selbst\u00e4ndigkeit, ehe er ein Angebot aus der Schweiz annahm. Dort war er fast 20 Jahre lang f\u00fcr renommierte Pferdesportler und Zuchtbetriebe t\u00e4tig. Seine Arbeit zeichnete sich stets durch Fachwissen, Sorgfalt und einen geschulten Blick f\u00fcr Entwicklungspotenziale aus.<\/span><\/p>\n<p><span style=\"font-size: 12pt; font-family: tahoma, arial, helvetica, sans-serif;\">Ende 2023 wechselte er auf die Sachsenburg, wo er als Gest\u00fctsleiter das Management der Anlage, die Pflege der Fl\u00e4chen und die t\u00e4gliche Betreuung der Pferde verantwortet. Mit Disziplin, Engagement und viel Gesp\u00fcr sorgt er daf\u00fcr, dass jedes Pferd die bestm\u00f6gliche Grundlage f\u00fcr eine erfolgreiche sportliche Zukunft erh\u00e4lt. Robert Tim lebt gemeinsam mit seiner Lebensgef\u00e4hrtin Ilona Lindner auf dem Gest\u00fct El Sur Racing.<\/span><\/p>\n<p>[\/et_pb_text][\/et_pb_column][\/et_pb_row][et_pb_row _builder_version=\u00a0\u00bb4.27.0&Prime; _module_preset=\u00a0\u00bbdefault\u00a0\u00bb custom_margin=\u00a0\u00bb-50px||||false|false\u00a0\u00bb global_colors_info=\u00a0\u00bb{}\u00a0\u00bb][et_pb_column type=\u00a0\u00bb4_4&Prime; _builder_version=\u00a0\u00bb4.27.0&Prime; _module_preset=\u00a0\u00bbdefault\u00a0\u00bb global_colors_info=\u00a0\u00bb{}\u00a0\u00bb][et_pb_text content_tablet=\u00a0\u00bb<\/p>\n<p style=%22text-align: center;%22><span style=%22font-size: 24pt;%22><strong><span style=%22font-family: tahoma, arial, helvetica, sans-serif;%22>Unser Kundenmagazin<\/span><\/strong><\/span><\/p>\n<p><iframe class=%22fp-iframe%22 style=%22border: 1px solid lightgray; width: 100%; height: 600px;%22 src=%22https:\/\/heyzine.com\/flip-book\/900e141862.html%22 scrolling=%22no%22 allowfullscreen=%22allowfullscreen%22><\/iframe><\/p>\n<p>\u00a0\u00bb content_phone=\u00a0\u00bb<\/p>\n<p>&nbsp;<\/p>\n<p style=%22text-align: center;%22><span style=%22font-size: 18pt;%22><strong><span style=%22font-family: tahoma, arial, helvetica, sans-serif;%22>Unser Kundenmagazin<\/span><\/strong><\/span><\/p>\n<p><iframe class=%22fp-iframe%22 style=%22border: 1px solid lightgray; width: 100%; height: 600px;%22 src=%22https:\/\/heyzine.com\/flip-book\/900e141862.html%22 scrolling=%22no%22 allowfullscreen=%22allowfullscreen%22><\/iframe><\/p>\n<p>\u00a0\u00bb content_last_edited=\u00a0\u00bbon|desktop\u00a0\u00bb _builder_version=\u00a0\u00bb4.27.0&Prime; _module_preset=\u00a0\u00bbdefault\u00a0\u00bb custom_margin=\u00a0\u00bb||||false|false\u00a0\u00bb hover_enabled=\u00a0\u00bb0&Prime; global_colors_info=\u00a0\u00bb{}\u00a0\u00bb sticky_enabled=\u00a0\u00bb0&Prime;]<\/p>\n<p style=\"text-align: center;\"><span style=\"font-size: 36pt;\"><strong><span style=\"font-family: tahoma, arial, helvetica, sans-serif;\">Unser Kundenmagazin<\/span><\/strong><\/span><\/p>\n<p><iframe class=\"fp-iframe\" style=\"border: 1px solid lightgray; width: 100%; height: 600px;\" src=\"https:\/\/heyzine.com\/flip-book\/900e141862.html\" scrolling=\"no\" allowfullscreen=\"allowfullscreen\"><\/iframe><\/p>\n<p>[\/et_pb_text][\/et_pb_column][\/et_pb_row][\/et_pb_section][et_pb_section fb_built=\u00a0\u00bb1&Prime; _builder_version=\u00a0\u00bb4.27.4&Prime; _module_preset=\u00a0\u00bbdefault\u00a0\u00bb global_colors_info=\u00a0\u00bb{}\u00a0\u00bb][et_pb_row _builder_version=\u00a0\u00bb4.27.4&Prime; _module_preset=\u00a0\u00bbdefault\u00a0\u00bb custom_margin=\u00a0\u00bb-80px||||false|false\u00a0\u00bb global_colors_info=\u00a0\u00bb{}\u00a0\u00bb][et_pb_column type=\u00a0\u00bb4_4&Prime; _builder_version=\u00a0\u00bb4.27.4&Prime; _module_preset=\u00a0\u00bbdefault\u00a0\u00bb global_colors_info=\u00a0\u00bb{}\u00a0\u00bb][et_pb_text content_tablet=\u00a0\u00bb<\/p>\n<p style=%22text-align: center;%22><span style=%22font-size: 36pt;%22><strong>Infrastruktur und Standort<\/strong><\/span><\/p>\n<p><span style=%22font-family: tahoma, arial, helvetica, sans-serif; font-size: 12pt;%22><br \/>El Sur Racing liegt idyllisch in Neustadt an der Orla \u2013 Sachsenburg &#8211; umgeben von den bekannten Himmelsteichen und der sanften H\u00fcgellandschaft Th\u00fcringens. Beste Bedingungen f\u00fcr Vollblutzucht, Aufzucht und Ausbildung von Champions \u2013 in einer Gegend, die Ruhe und Weitblick bietet.<\/span><\/p>\n<p><img class=%22wp-image-1169 size-full aligncenter%22 title=%22El-Sur-Gestuet%22 src=%22https:\/\/elsur-racing.de\/wp-content\/uploads\/2019\/12\/Standort-und-Infrastruktur.jpg%22 alt=%22Gest\u00fct El Sur Neustadt\/Orla%22 width=%221024%22 height=%22705%22 \/><\/p>\n<p><span style=%22font-size: 12pt; font-family: tahoma, arial, helvetica, sans-serif;%22>Das Gest\u00fct umfasst rund 20 Hektar und verf\u00fcgt \u00fcber 32 Boxen, aufgeteilt in Sport- und Zuchtst\u00e4lle, mehrere Paddocks, weitl\u00e4ufige J\u00e4hrlings- und Absetzer-Weiden, eine F\u00fchranlage sowie gro\u00dfes Know-how f\u00fcr gezieltes Winter- und Pre-Training. Die Vollbl\u00fcter auf El Sur Racing genie\u00dfen viel Bewegung, frische Luft und individuelle Betreuung \u2013 optimale Voraussetzungen f\u00fcr die gesunde Entwicklung starker, harter und leistungsorientierten Athleten der Zukunft.<\/span><\/p>\n<p><span style=%22font-size: 12pt; font-family: tahoma, arial, helvetica, sans-serif;%22>Mit gro\u00dfer Leidenschaft, Sorgfalt und Erfahrung wird El Sur Racing gef\u00fchrt \u2013 ein Umfeld, das auf die nat\u00fcrlichen Bed\u00fcrfnisse und das Potenzial eines jeden Pferdes abgestimmt ist.<\/span><\/p>\n<\/p>\n<p>\u00a0\u00bb content_phone=\u00a0\u00bb<\/p>\n<p style=%22text-align: center;%22><span style=%22font-size: 14pt;%22><strong>Infrastruktur und Standort<\/strong><\/span><\/p>\n<p><span style=%22font-family: tahoma, arial, helvetica, sans-serif; font-size: 12pt;%22><br \/>El Sur Racing liegt idyllisch in Neustadt an der Orla \u2013 Sachsenburg &#8211; umgeben von den bekannten Himmelsteichen und der sanften H\u00fcgellandschaft Th\u00fcringens. Beste Bedingungen f\u00fcr Vollblutzucht, Aufzucht und Ausbildung von Champions \u2013 in einer Gegend, die Ruhe und Weitblick bietet.<\/span><\/p>\n<p><img class=%22aligncenter wp-image-1169 size-full%22 src=%22https:\/\/elsur-racing.de\/wp-content\/uploads\/2019\/12\/Standort-und-Infrastruktur.jpg%22 alt=%22Gest\u00fct El Sur Neustadt\/Orla%22 width=%221024%22 height=%22705%22 \/><\/p>\n<p><span style=%22font-size: 12pt; font-family: tahoma, arial, helvetica, sans-serif;%22>Das Gest\u00fct umfasst rund 20 Hektar und verf\u00fcgt \u00fcber 32 Boxen, aufgeteilt in Sport- und Zuchtst\u00e4lle, mehrere Paddocks, weitl\u00e4ufige J\u00e4hrlings- und Absetzer-Weiden, eine F\u00fchranlage sowie gro\u00dfes Know-how f\u00fcr gezieltes Winter- und Pre-Training. Die Vollbl\u00fcter auf El Sur Racing genie\u00dfen viel Bewegung, frische Luft und individuelle Betreuung \u2013 optimale Voraussetzungen f\u00fcr die gesunde Entwicklung starker, harter und leistungsorientierten Athleten der Zukunft.<\/span><\/p>\n<p><span style=%22font-size: 12pt; font-family: tahoma, arial, helvetica, sans-serif;%22>Mit gro\u00dfer Leidenschaft, Sorgfalt und Erfahrung wird El Sur Racing gef\u00fchrt \u2013 ein Umfeld, das auf die nat\u00fcrlichen Bed\u00fcrfnisse und das Potenzial eines jeden Pferdes abgestimmt ist.<\/span><\/p>\n<\/p>\n<p>\u00a0\u00bb content_last_edited=\u00a0\u00bbon|tablet\u00a0\u00bb _builder_version=\u00a0\u00bb4.27.4&Prime; _module_preset=\u00a0\u00bbdefault\u00a0\u00bb global_colors_info=\u00a0\u00bb{}\u00a0\u00bb]<\/p>\n<p style=\"text-align: center;\"><strong><span style=\"font-size: 36pt;\">Infrastruktur und Standort<\/span><\/strong><\/p>\n<p><span style=\"font-family: tahoma, arial, helvetica, sans-serif; font-size: 12pt;\"><br \/>El Sur Racing liegt idyllisch in Neustadt an der Orla \u2013 Sachsenburg &#8211; umgeben von den bekannten Himmelsteichen und der sanften H\u00fcgellandschaft Th\u00fcringens. Beste Bedingungen f\u00fcr Vollblutzucht, Aufzucht und Ausbildung von Champions \u2013 in einer Gegend, die Ruhe und Weitblick bietet.<\/span><\/p>\n<p><img loading=\"lazy\" decoding=\"async\" class=\"wp-image-1169 size-full aligncenter\" title=\"El-Sur-Gestuet\" src=\"https:\/\/elsur-racing.de\/wp-content\/uploads\/2019\/12\/Standort-und-Infrastruktur.jpg\" alt=\"Gest\u00fct El Sur Neustadt\/Orla\" width=\"1024\" height=\"705\" \/><\/p>\n<p><span style=\"font-size: 12pt; font-family: tahoma, arial, helvetica, sans-serif;\">Das Gest\u00fct umfasst rund 20 Hektar und verf\u00fcgt \u00fcber 32 Boxen, aufgeteilt in Sport- und Zuchtst\u00e4lle, mehrere Paddocks, weitl\u00e4ufige J\u00e4hrlings- und Absetzer-Weiden, eine F\u00fchranlage sowie gro\u00dfes Know-how f\u00fcr gezieltes Winter- und Pre-Training. Die Vollbl\u00fcter auf El Sur Racing genie\u00dfen viel Bewegung, frische Luft und individuelle Betreuung \u2013 optimale Voraussetzungen f\u00fcr die gesunde Entwicklung starker, harter und leistungsorientierten Athleten der Zukunft.<\/span><\/p>\n<p><span style=\"font-size: 12pt; font-family: tahoma, arial, helvetica, sans-serif;\">Mit gro\u00dfer Leidenschaft, Sorgfalt und Erfahrung wird El Sur Racing gef\u00fchrt \u2013 ein Umfeld, das auf die nat\u00fcrlichen Bed\u00fcrfnisse und das Potenzial eines jeden Pferdes abgestimmt ist.<\/span><\/p>\n<p>&nbsp;<\/p>\n<p>&nbsp;<\/p>\n<p>[\/et_pb_text][\/et_pb_column][\/et_pb_row][\/et_pb_section]<\/p>\n","protected":false},"excerpt":{"rendered":"<p>Jochen StargardtGest\u00fctsinhaber Jochen Stargardt ist Wirtschaftswissenschaftler, Unternehmensberater und Gesellschafter mehrerer erfolgreicher Berufsbildungs-Akademien in Deutschland. Seit vielen Jahren begleitet er Menschen auf ihrem Weg zu mehr Wissen, Selbst\u00e4ndigkeit und Erfolg. Als Autor und gefragter Referent ist er regelm\u00e4\u00dfig auf Fachveranstaltungen pr\u00e4sent und \u00fcberzeugt dort durch Klarheit, Fachkenntnis und praxisorientierte Ans\u00e4tze. Seine Leidenschaft gilt seit fr\u00fchester Kindheit [&hellip;]<\/p>\n","protected":false},"author":1,"featured_media":0,"parent":0,"menu_order":0,"comment_status":"closed","ping_status":"open","template":"","meta":{"_et_pb_use_builder":"on","_et_pb_old_content":"<!-- wp:paragraph -->\r\n<p>Dies ist eine Beispiel-Seite. Sie unterscheidet sich von Beitr\u00e4gen, da sie stets an derselben Stelle bleibt und (bei den meisten Themes) in der Website-Navigation angezeigt wird. Die meisten starten mit einem Impressum, der Datenschutzerkl\u00e4rung oder einer \u201e\u00dcber uns\u201c-Seite, um sich potenziellen Besuchern der Website vorzustellen. Dort k\u00f6nnte zum Beispiel stehen:<\/p>\r\n<!-- \/wp:paragraph --><!-- wp:quote -->\r\n<blockquote class=\"wp-block-quote\">\r\n<p>Hallo! Tags\u00fcber arbeite ich als Fahrradkurier, nachts bin ich ein aufstrebender Schauspieler und dies hier ist meine Website. Ich lebe in Berlin, habe einen gro\u00dfen Hund namens Jack, mag Pi\u00f1a Coladas, jedoch weniger (ohne Schirm) im Regen stehen gelassen zu werden.<\/p>\r\n<\/blockquote>\r\n<!-- \/wp:quote --><!-- wp:paragraph -->\r\n<p>...oder so etwas wie das hier:<\/p>\r\n<!-- \/wp:paragraph --><!-- wp:quote -->\r\n<blockquote class=\"wp-block-quote\">\r\n<p>Das Unternehmen XYZ wurde 1971 gegr\u00fcndet und versorgt die \u00d6ffentlichkeit seither mit qualitativ hochwertigen Produkten. An seinem Standort in einer kleinen Gro\u00dfstadt besch\u00e4ftigt der Betrieb \u00fcber 2.000 Menschen und unterst\u00fctzt die Stadtbewohner in vielfacher Hinsicht.<\/p>\r\n<\/blockquote>\r\n<!-- \/wp:quote --><!-- wp:paragraph -->\r\n<p>Als neuer WordPress-Benutzer solltest du <a href=\"http:\/\/elsur-racing.de\/wp-admin\/\">dein Dashboard<\/a> aufrufen, um diese Seite zu l\u00f6schen und neue Seiten und Beitr\u00e4ge f\u00fcr deine Website erstellen. Viel Spa\u00df!<\/p>\r\n<!-- \/wp:paragraph -->","_et_gb_content_width":"","footnotes":""},"class_list":["post-3008","page","type-page","status-publish","hentry"],"yoast_head":"<!-- This site is optimized with the Yoast SEO plugin v27.3 - https:\/\/yoast.com\/product\/yoast-seo-wordpress\/ -->\n<title>ElSur &#8211; RACING<\/title>\n<meta name=\"robots\" content=\"index, follow, max-snippet:-1, max-image-preview:large, max-video-preview:-1\" \/>\n<link rel=\"canonical\" href=\"https:\/\/elsur-racing.de\/fr\/nous-sur-nous-memes\/\" \/>\n<meta property=\"og:locale\" content=\"fr_FR\" \/>\n<meta property=\"og:type\" content=\"article\" \/>\n<meta property=\"og:description\" content=\"Jochen StargardtGest\u00fctsinhaber Jochen Stargardt ist Wirtschaftswissenschaftler, Unternehmensberater und Gesellschafter mehrerer erfolgreicher Berufsbildungs-Akademien in Deutschland. Seit vielen Jahren begleitet er Menschen auf ihrem Weg zu mehr Wissen, Selbst\u00e4ndigkeit und Erfolg. Als Autor und gefragter Referent ist er regelm\u00e4\u00dfig auf Fachveranstaltungen pr\u00e4sent und \u00fcberzeugt dort durch Klarheit, Fachkenntnis und praxisorientierte Ans\u00e4tze. Seine Leidenschaft gilt seit fr\u00fchester Kindheit [&hellip;]\" \/>\n<meta property=\"og:url\" content=\"https:\/\/elsur-racing.de\/fr\/nous-sur-nous-memes\/\" \/>\n<meta property=\"og:site_name\" content=\"ElSur - RACING\" \/>\n<meta property=\"article:publisher\" content=\"https:\/\/www.facebook.com\/elsurracing\" \/>\n<meta property=\"article:modified_time\" content=\"2025-10-28T23:04:50+00:00\" \/>\n<meta property=\"og:image\" content=\"https:\/\/elsur-racing.de\/wp-content\/uploads\/2019\/12\/Standort-und-Infrastruktur.jpg\" \/>\n<meta name=\"twitter:card\" content=\"summary_large_image\" \/>\n<meta name=\"twitter:label1\" content=\"Dur\u00e9e de lecture estim\u00e9e\" \/>\n\t<meta name=\"twitter:data1\" content=\"5 minutes\" \/>\n<script type=\"application\/ld+json\" class=\"yoast-schema-graph\">{\"@context\":\"https:\\\/\\\/schema.org\",\"@graph\":[{\"@type\":\"WebPage\",\"@id\":\"https:\\\/\\\/elsur-racing.de\\\/fr\\\/nous-sur-nous-memes\\\/\",\"url\":\"https:\\\/\\\/elsur-racing.de\\\/fr\\\/nous-sur-nous-memes\\\/\",\"name\":\"\",\"isPartOf\":{\"@id\":\"https:\\\/\\\/elsur-racing.de\\\/fr\\\/#website\"},\"primaryImageOfPage\":{\"@id\":\"https:\\\/\\\/elsur-racing.de\\\/fr\\\/nous-sur-nous-memes\\\/#primaryimage\"},\"image\":{\"@id\":\"https:\\\/\\\/elsur-racing.de\\\/fr\\\/nous-sur-nous-memes\\\/#primaryimage\"},\"thumbnailUrl\":\"https:\\\/\\\/elsur-racing.de\\\/wp-content\\\/uploads\\\/2019\\\/12\\\/Standort-und-Infrastruktur.jpg\",\"datePublished\":\"2020-04-16T10:58:14+00:00\",\"dateModified\":\"2025-10-28T23:04:50+00:00\",\"breadcrumb\":{\"@id\":\"https:\\\/\\\/elsur-racing.de\\\/fr\\\/nous-sur-nous-memes\\\/#breadcrumb\"},\"inLanguage\":\"fr-FR\",\"potentialAction\":[{\"@type\":\"ReadAction\",\"target\":[\"https:\\\/\\\/elsur-racing.de\\\/fr\\\/nous-sur-nous-memes\\\/\"]}]},{\"@type\":\"ImageObject\",\"inLanguage\":\"fr-FR\",\"@id\":\"https:\\\/\\\/elsur-racing.de\\\/fr\\\/nous-sur-nous-memes\\\/#primaryimage\",\"url\":\"https:\\\/\\\/elsur-racing.de\\\/wp-content\\\/uploads\\\/2019\\\/12\\\/Standort-und-Infrastruktur.jpg\",\"contentUrl\":\"https:\\\/\\\/elsur-racing.de\\\/wp-content\\\/uploads\\\/2019\\\/12\\\/Standort-und-Infrastruktur.jpg\"},{\"@type\":\"BreadcrumbList\",\"@id\":\"https:\\\/\\\/elsur-racing.de\\\/fr\\\/nous-sur-nous-memes\\\/#breadcrumb\",\"itemListElement\":[{\"@type\":\"ListItem\",\"position\":1,\"name\":\"Page d\u2019accueil\",\"item\":\"https:\\\/\\\/elsur-racing.de\\\/fr\\\/\"},{\"@type\":\"ListItem\",\"position\":2,\"name\":\"Nous sur nous-m\u00eames\"}]},{\"@type\":\"WebSite\",\"@id\":\"https:\\\/\\\/elsur-racing.de\\\/fr\\\/#website\",\"url\":\"https:\\\/\\\/elsur-racing.de\\\/fr\\\/\",\"name\":\"ElSur - RACING\",\"description\":\"elsur -team, -racing, -stud, -horsetransport\",\"publisher\":{\"@id\":\"https:\\\/\\\/elsur-racing.de\\\/fr\\\/#organization\"},\"potentialAction\":[{\"@type\":\"SearchAction\",\"target\":{\"@type\":\"EntryPoint\",\"urlTemplate\":\"https:\\\/\\\/elsur-racing.de\\\/fr\\\/?s={search_term_string}\"},\"query-input\":{\"@type\":\"PropertyValueSpecification\",\"valueRequired\":true,\"valueName\":\"search_term_string\"}}],\"inLanguage\":\"fr-FR\"},{\"@type\":\"Organization\",\"@id\":\"https:\\\/\\\/elsur-racing.de\\\/fr\\\/#organization\",\"name\":\"ElSur - COURSE\",\"url\":\"https:\\\/\\\/elsur-racing.de\\\/fr\\\/\",\"logo\":{\"@type\":\"ImageObject\",\"inLanguage\":\"fr-FR\",\"@id\":\"https:\\\/\\\/elsur-racing.de\\\/fr\\\/#\\\/schema\\\/logo\\\/image\\\/\",\"url\":\"https:\\\/\\\/elsur-racing.de\\\/wp-content\\\/uploads\\\/2019\\\/12\\\/LogoESPoloRacingStudbw.jpg\",\"contentUrl\":\"https:\\\/\\\/elsur-racing.de\\\/wp-content\\\/uploads\\\/2019\\\/12\\\/LogoESPoloRacingStudbw.jpg\",\"width\":2000,\"height\":2000,\"caption\":\"ElSur - COURSE\"},\"image\":{\"@id\":\"https:\\\/\\\/elsur-racing.de\\\/fr\\\/#\\\/schema\\\/logo\\\/image\\\/\"},\"sameAs\":[\"https:\\\/\\\/www.facebook.com\\\/elsurracing\"]}]}<\/script>\n<!-- \/ Yoast SEO plugin. -->","yoast_head_json":{"title":"ElSur &#8211; RACING","robots":{"index":"index","follow":"follow","max-snippet":"max-snippet:-1","max-image-preview":"max-image-preview:large","max-video-preview":"max-video-preview:-1"},"canonical":"https:\/\/elsur-racing.de\/fr\/nous-sur-nous-memes\/","og_locale":"fr_FR","og_type":"article","og_description":"Jochen StargardtGest\u00fctsinhaber Jochen Stargardt ist Wirtschaftswissenschaftler, Unternehmensberater und Gesellschafter mehrerer erfolgreicher Berufsbildungs-Akademien in Deutschland. Seit vielen Jahren begleitet er Menschen auf ihrem Weg zu mehr Wissen, Selbst\u00e4ndigkeit und Erfolg. Als Autor und gefragter Referent ist er regelm\u00e4\u00dfig auf Fachveranstaltungen pr\u00e4sent und \u00fcberzeugt dort durch Klarheit, Fachkenntnis und praxisorientierte Ans\u00e4tze. Seine Leidenschaft gilt seit fr\u00fchester Kindheit [&hellip;]","og_url":"https:\/\/elsur-racing.de\/fr\/nous-sur-nous-memes\/","og_site_name":"ElSur - RACING","article_publisher":"https:\/\/www.facebook.com\/elsurracing","article_modified_time":"2025-10-28T23:04:50+00:00","og_image":[{"url":"https:\/\/elsur-racing.de\/wp-content\/uploads\/2019\/12\/Standort-und-Infrastruktur.jpg","type":"","width":"","height":""}],"twitter_card":"summary_large_image","twitter_misc":{"Dur\u00e9e de lecture estim\u00e9e":"5 minutes"},"schema":{"@context":"https:\/\/schema.org","@graph":[{"@type":"WebPage","@id":"https:\/\/elsur-racing.de\/fr\/nous-sur-nous-memes\/","url":"https:\/\/elsur-racing.de\/fr\/nous-sur-nous-memes\/","name":"","isPartOf":{"@id":"https:\/\/elsur-racing.de\/fr\/#website"},"primaryImageOfPage":{"@id":"https:\/\/elsur-racing.de\/fr\/nous-sur-nous-memes\/#primaryimage"},"image":{"@id":"https:\/\/elsur-racing.de\/fr\/nous-sur-nous-memes\/#primaryimage"},"thumbnailUrl":"https:\/\/elsur-racing.de\/wp-content\/uploads\/2019\/12\/Standort-und-Infrastruktur.jpg","datePublished":"2020-04-16T10:58:14+00:00","dateModified":"2025-10-28T23:04:50+00:00","breadcrumb":{"@id":"https:\/\/elsur-racing.de\/fr\/nous-sur-nous-memes\/#breadcrumb"},"inLanguage":"fr-FR","potentialAction":[{"@type":"ReadAction","target":["https:\/\/elsur-racing.de\/fr\/nous-sur-nous-memes\/"]}]},{"@type":"ImageObject","inLanguage":"fr-FR","@id":"https:\/\/elsur-racing.de\/fr\/nous-sur-nous-memes\/#primaryimage","url":"https:\/\/elsur-racing.de\/wp-content\/uploads\/2019\/12\/Standort-und-Infrastruktur.jpg","contentUrl":"https:\/\/elsur-racing.de\/wp-content\/uploads\/2019\/12\/Standort-und-Infrastruktur.jpg"},{"@type":"BreadcrumbList","@id":"https:\/\/elsur-racing.de\/fr\/nous-sur-nous-memes\/#breadcrumb","itemListElement":[{"@type":"ListItem","position":1,"name":"Page d\u2019accueil","item":"https:\/\/elsur-racing.de\/fr\/"},{"@type":"ListItem","position":2,"name":"Nous sur nous-m\u00eames"}]},{"@type":"WebSite","@id":"https:\/\/elsur-racing.de\/fr\/#website","url":"https:\/\/elsur-racing.de\/fr\/","name":"ElSur - RACING","description":"elsur -team, -racing, -stud, -horsetransport","publisher":{"@id":"https:\/\/elsur-racing.de\/fr\/#organization"},"potentialAction":[{"@type":"SearchAction","target":{"@type":"EntryPoint","urlTemplate":"https:\/\/elsur-racing.de\/fr\/?s={search_term_string}"},"query-input":{"@type":"PropertyValueSpecification","valueRequired":true,"valueName":"search_term_string"}}],"inLanguage":"fr-FR"},{"@type":"Organization","@id":"https:\/\/elsur-racing.de\/fr\/#organization","name":"ElSur - COURSE","url":"https:\/\/elsur-racing.de\/fr\/","logo":{"@type":"ImageObject","inLanguage":"fr-FR","@id":"https:\/\/elsur-racing.de\/fr\/#\/schema\/logo\/image\/","url":"https:\/\/elsur-racing.de\/wp-content\/uploads\/2019\/12\/LogoESPoloRacingStudbw.jpg","contentUrl":"https:\/\/elsur-racing.de\/wp-content\/uploads\/2019\/12\/LogoESPoloRacingStudbw.jpg","width":2000,"height":2000,"caption":"ElSur - COURSE"},"image":{"@id":"https:\/\/elsur-racing.de\/fr\/#\/schema\/logo\/image\/"},"sameAs":["https:\/\/www.facebook.com\/elsurracing"]}]}},"_links":{"self":[{"href":"https:\/\/elsur-racing.de\/fr\/wp-json\/wp\/v2\/pages\/3008","targetHints":{"allow":["GET"]}}],"collection":[{"href":"https:\/\/elsur-racing.de\/fr\/wp-json\/wp\/v2\/pages"}],"about":[{"href":"https:\/\/elsur-racing.de\/fr\/wp-json\/wp\/v2\/types\/page"}],"author":[{"embeddable":true,"href":"https:\/\/elsur-racing.de\/fr\/wp-json\/wp\/v2\/users\/1"}],"replies":[{"embeddable":true,"href":"https:\/\/elsur-racing.de\/fr\/wp-json\/wp\/v2\/comments?post=3008"}],"version-history":[{"count":47,"href":"https:\/\/elsur-racing.de\/fr\/wp-json\/wp\/v2\/pages\/3008\/revisions"}],"predecessor-version":[{"id":11237,"href":"https:\/\/elsur-racing.de\/fr\/wp-json\/wp\/v2\/pages\/3008\/revisions\/11237"}],"wp:attachment":[{"href":"https:\/\/elsur-racing.de\/fr\/wp-json\/wp\/v2\/media?parent=3008"}],"curies":[{"name":"wp","href":"https:\/\/api.w.org\/{rel}","templated":true}]}}